{"id":44,"date":"2024-09-12T06:40:33","date_gmt":"2024-09-12T06:40:33","guid":{"rendered":"https:\/\/mavomanagement.com\/?page_id=44"},"modified":"2025-02-17T22:16:11","modified_gmt":"2025-02-17T15:16:11","slug":"kontak","status":"publish","type":"page","link":"https:\/\/mavomanagement.com\/de\/kontak\/","title":{"rendered":"Kontakt"},"content":{"rendered":"<div data-elementor-type=\"wp-page\" data-elementor-id=\"44\" class=\"elementor elementor-44\" data-elementor-post-type=\"page\">\n\t\t\t\t<div class=\"elementor-element elementor-element-3abb957c e-flex e-con-boxed e-con e-parent\" data-id=\"3abb957c\" data-element_type=\"container\" data-settings=\"{&quot;background_background&quot;:&quot;video&quot;,&quot;background_video_link&quot;:&quot;https:\\\/\\\/mavomanagement.com\\\/wp-content\\\/uploads\\\/2024\\\/10\\\/Red-Flag-1-1-1.mp4&quot;,&quot;background_play_on_mobile&quot;:&quot;yes&quot;}\">\n\t\t\t\t\t<div class=\"e-con-inner\">\n\t\t<div class=\"elementor-background-video-container\">\n\t\t\t\t\t\t\t<video class=\"elementor-background-video-hosted elementor-html5-video\" autoplay muted playsinline loop><\/video>\n\t\t\t\t\t<\/div>\t\t<div class=\"elementor-element elementor-element-7ba2fed5 elementor-icon-list--layout-inline elementor-align-center elementor-widget__width-inherit elementor-list-item-link-full_width elementor-invisible elementor-widget elementor-widget-icon-list\" data-id=\"7ba2fed5\" data-element_type=\"widget\" data-settings=\"{&quot;_animation&quot;:&quot;fadeInUp&quot;,&quot;_animation_delay&quot;:200}\" data-widget_type=\"icon-list.default\">\n\t\t\t\t<div class=\"elementor-widget-container\">\n\t\t\t\t\t\t\t<ul class=\"elementor-icon-list-items elementor-inline-items\">\n\t\t\t\t\t\t\t<li class=\"elementor-icon-list-item elementor-inline-item\">\n\t\t\t\t\t\t\t\t\t\t\t<a href=\"\/de\/\">\n\n\t\t\t\t\t\t\t\t\t\t\t<span class=\"elementor-icon-list-text\">Startseite<\/span>\n\t\t\t\t\t\t\t\t\t\t\t<\/a>\n\t\t\t\t\t\t\t\t\t<\/li>\n\t\t\t\t\t\t\t\t<li class=\"elementor-icon-list-item elementor-inline-item\">\n\t\t\t\t\t\t\t\t\t\t\t<span class=\"elementor-icon-list-icon\">\n\t\t\t\t\t\t\t<i aria-hidden=\"true\" class=\"icon icon-right-arrow\"><\/i>\t\t\t\t\t\t<\/span>\n\t\t\t\t\t\t\t\t\t\t<span class=\"elementor-icon-list-text\"><\/span>\n\t\t\t\t\t\t\t\t\t<\/li>\n\t\t\t\t\t\t<\/ul>\n\t\t\t\t\t\t<\/div>\n\t\t\t\t<\/div>\n\t\t\t\t\t<\/div>\n\t\t\t\t<\/div>\n\t\t<div class=\"elementor-element elementor-element-6e4f893a e-flex e-con-boxed e-con e-parent\" data-id=\"6e4f893a\" data-element_type=\"container\">\n\t\t\t\t\t<div class=\"e-con-inner\">\n\t\t<div class=\"elementor-element elementor-element-5a783c20 e-con-full e-flex elementor-invisible e-con e-child\" data-id=\"5a783c20\" data-element_type=\"container\" data-settings=\"{&quot;background_background&quot;:&quot;classic&quot;,&quot;animation&quot;:&quot;fadeIn&quot;}\">\n\t\t\t\t<div class=\"elementor-element elementor-element-59241aa9 elementor-invisible elementor-widget elementor-widget-heading\" data-id=\"59241aa9\" data-element_type=\"widget\" data-settings=\"{&quot;_animation&quot;:&quot;fadeInUp&quot;}\" data-widget_type=\"heading.default\">\n\t\t\t\t<div class=\"elementor-widget-container\">\n\t\t\t\t\t<h3 class=\"elementor-heading-title elementor-size-default\">Ben\u00f6tigen Sie Unterst\u00fctzung? Wir sind f\u00fcr Sie da.<\/h3>\t\t\t\t<\/div>\n\t\t\t\t<\/div>\n\t\t\t\t<div class=\"elementor-element elementor-element-66e02b1a elementor-invisible elementor-widget elementor-widget-text-editor\" data-id=\"66e02b1a\" data-element_type=\"widget\" data-settings=\"{&quot;_animation&quot;:&quot;fadeInUp&quot;,&quot;_animation_delay&quot;:200}\" data-widget_type=\"text-editor.default\">\n\t\t\t\t<div class=\"elementor-widget-container\">\n\t\t\t\t\t\t\t\t\t<p>Haben Sie Fragen oder Anliegen? Unser Team steht Ihnen jederzeit zur Verf\u00fcgung. Z\u00f6gern Sie nicht, uns \u00fcber das Kontaktformular oder die unten angegebene Telefonnummer zu kontaktieren.<\/p>\t\t\t\t\t\t\t\t<\/div>\n\t\t\t\t<\/div>\n\t\t\t\t<div class=\"elementor-element elementor-element-4e961fa elementor-button-align-stretch elementor-widget elementor-widget-form\" data-id=\"4e961fa\" data-element_type=\"widget\" data-settings=\"{&quot;button_width&quot;:&quot;50&quot;,&quot;step_next_label&quot;:&quot;Next&quot;,&quot;step_previous_label&quot;:&quot;Previous&quot;,&quot;step_type&quot;:&quot;number_text&quot;,&quot;step_icon_shape&quot;:&quot;circle&quot;}\" data-widget_type=\"form.default\">\n\t\t\t\t<div class=\"elementor-widget-container\">\n\t\t\t\t\t\t\t<form class=\"elementor-form\" method=\"post\" name=\"New Form\">\n\t\t\t<input type=\"hidden\" name=\"post_id\" value=\"44\"\/>\n\t\t\t<input type=\"hidden\" name=\"form_id\" value=\"4e961fa\"\/>\n\t\t\t<input type=\"hidden\" name=\"referer_title\" value=\"\" \/>\n\n\t\t\t\n\t\t\t<div class=\"elementor-form-fields-wrapper elementor-labels-above\">\n\t\t\t\t\t\t\t\t<div class=\"elementor-field-type-text elementor-field-group elementor-column elementor-field-group-name elementor-col-100\">\n\t\t\t\t\t\t\t\t\t\t\t\t<label for=\"form-field-name\" class=\"elementor-field-label\">\n\t\t\t\t\t\t\t\tName\t\t\t\t\t\t\t<\/label>\n\t\t\t\t\t\t\t\t\t\t\t\t\t\t<input size=\"1\" type=\"text\" name=\"form_fields[name]\" id=\"form-field-name\" class=\"elementor-field elementor-size-sm  elementor-field-textual\" placeholder=\"Name\">\n\t\t\t\t\t\t\t\t\t\t\t<\/div>\n\t\t\t\t\t\t\t\t<div class=\"elementor-field-type-text elementor-field-group elementor-column elementor-field-group-field_420b4dd elementor-col-100\">\n\t\t\t\t\t\t\t\t\t\t\t\t<label for=\"form-field-field_420b4dd\" class=\"elementor-field-label\">\n\t\t\t\t\t\t\t\tWhatsapp\t\t\t\t\t\t\t<\/label>\n\t\t\t\t\t\t\t\t\t\t\t\t\t\t<input size=\"1\" type=\"text\" name=\"form_fields[field_420b4dd]\" id=\"form-field-field_420b4dd\" class=\"elementor-field elementor-size-sm  elementor-field-textual\" placeholder=\"WhatsApp-Nummer\">\n\t\t\t\t\t\t\t\t\t\t\t<\/div>\n\t\t\t\t\t\t\t\t<div class=\"elementor-field-type-email elementor-field-group elementor-column elementor-field-group-email elementor-col-100 elementor-field-required\">\n\t\t\t\t\t\t\t\t\t\t\t\t<label for=\"form-field-email\" class=\"elementor-field-label\">\n\t\t\t\t\t\t\t\tE-Mail\t\t\t\t\t\t\t<\/label>\n\t\t\t\t\t\t\t\t\t\t\t\t\t\t<input size=\"1\" type=\"email\" name=\"form_fields[email]\" id=\"form-field-email\" class=\"elementor-field elementor-size-sm  elementor-field-textual\" placeholder=\"E-Mail\" required=\"required\" aria-required=\"true\">\n\t\t\t\t\t\t\t\t\t\t\t<\/div>\n\t\t\t\t\t\t\t\t<div class=\"elementor-field-type-textarea elementor-field-group elementor-column elementor-field-group-message elementor-col-100\">\n\t\t\t\t\t\t\t\t\t\t\t\t<label for=\"form-field-message\" class=\"elementor-field-label\">\n\t\t\t\t\t\t\t\tNachricht\t\t\t\t\t\t\t<\/label>\n\t\t\t\t\t\t<textarea class=\"elementor-field-textual elementor-field  elementor-size-sm\" name=\"form_fields[message]\" id=\"form-field-message\" rows=\"4\" placeholder=\"Schreiben Sie Ihre Nachricht hier...\"><\/textarea>\t\t\t\t<\/div>\n\t\t\t\t\t\t\t\t<div class=\"elementor-field-group elementor-column elementor-field-type-submit elementor-col-50 e-form__buttons\">\n\t\t\t\t\t<button class=\"elementor-button elementor-size-sm\" type=\"submit\">\n\t\t\t\t\t\t<span class=\"elementor-button-content-wrapper\">\n\t\t\t\t\t\t\t\t\t\t\t\t\t\t\t\t\t\t\t\t\t\t<span class=\"elementor-button-text\">Senden<\/span>\n\t\t\t\t\t\t\t\t\t\t\t\t\t<\/span>\n\t\t\t\t\t<\/button>\n\t\t\t\t<\/div>\n\t\t\t<\/div>\n\t\t<input type=\"hidden\" name=\"trp-form-language\" value=\"de\"\/><\/form>\n\t\t\t\t\t\t<\/div>\n\t\t\t\t<\/div>\n\t\t\t\t<\/div>\n\t\t<div class=\"elementor-element elementor-element-1fb9c34a e-con-full e-flex elementor-invisible e-con e-child\" data-id=\"1fb9c34a\" data-element_type=\"container\" data-settings=\"{&quot;animation&quot;:&quot;fadeIn&quot;,&quot;animation_delay&quot;:200}\">\n\t\t\t\t<div class=\"elementor-element elementor-element-75cfbcf9 animated-slow elementor-invisible elementor-widget elementor-widget-google_maps\" data-id=\"75cfbcf9\" data-element_type=\"widget\" data-settings=\"{&quot;_animation&quot;:&quot;fadeIn&quot;}\" data-widget_type=\"google_maps.default\">\n\t\t\t\t<div class=\"elementor-widget-container\">\n\t\t\t\t\t\t\t<div class=\"elementor-custom-embed\">\n\t\t\t<iframe loading=\"lazy\"\n\t\t\t\t\tsrc=\"https:\/\/maps.google.com\/maps?q=Gedung%20Bursa%20Efek%20Indonesia%20Tower%201%20Level%203%20Unit%20304%2C%20SCBD.%20Jl.%20Jenderal%20Sudirman%20kav%2052-53%20Senayan%2C%20Kecamatan%20Kebayoran%20Baru%2C%20Kota%20Jakarta%20Selatan%2C%20Daerah%20Khusus%20Ibukota%20Jakarta%2012190%2C%20Indonesia&#038;t=m&#038;z=14&#038;output=embed&#038;iwloc=near\"\n\t\t\t\t\ttitle=\"Bursa Efek Indonesia Geb\u00e4ude Tower 1, Ebene 3, Einheit 304, SCBD. Jenderal Sudirman Stra\u00dfe Kav 52-53 Senayan, Bezirk Kebayoran Baru, Stadt Jakarta Selatan, Sonderhauptstadtregion Jakarta 12190, Indonesien\"\n\t\t\t\t\taria-label=\"Bursa Efek Indonesia Geb\u00e4ude Tower 1, Ebene 3, Einheit 304, SCBD. Jenderal Sudirman Stra\u00dfe Kav 52-53 Senayan, Bezirk Kebayoran Baru, Stadt Jakarta Selatan, Sonderhauptstadtregion Jakarta 12190, Indonesien\"\n\t\t\t><\/iframe>\n\t\t<\/div>\n\t\t\t\t\t\t<\/div>\n\t\t\t\t<\/div>\n\t\t\t\t<\/div>\n\t\t\t\t\t<\/div>\n\t\t\t\t<\/div>\n\t\t<div class=\"elementor-element elementor-element-5de3420 e-flex e-con-boxed e-con e-parent\" data-id=\"5de3420\" data-element_type=\"container\">\n\t\t\t\t\t<div class=\"e-con-inner\">\n\t\t<div class=\"elementor-element elementor-element-26d5b4ae e-con-full e-flex elementor-invisible e-con e-child\" data-id=\"26d5b4ae\" data-element_type=\"container\" data-settings=\"{&quot;background_background&quot;:&quot;classic&quot;,&quot;animation&quot;:&quot;fadeInUp&quot;}\">\n\t\t<div class=\"elementor-element elementor-element-76a0939e e-con-full e-flex e-con e-child\" data-id=\"76a0939e\" data-element_type=\"container\">\n\t\t\t\t<div class=\"elementor-element elementor-element-794dcac7 elementor-view-stacked elementor-shape-square elementor-widget elementor-widget-icon\" data-id=\"794dcac7\" data-element_type=\"widget\" data-widget_type=\"icon.default\">\n\t\t\t\t<div class=\"elementor-widget-container\">\n\t\t\t\t\t\t\t<div class=\"elementor-icon-wrapper\">\n\t\t\t<div class=\"elementor-icon\">\n\t\t\t<i aria-hidden=\"true\" class=\"icon icon-map-marker1\"><\/i>\t\t\t<\/div>\n\t\t<\/div>\n\t\t\t\t\t\t<\/div>\n\t\t\t\t<\/div>\n\t\t\t\t<div class=\"elementor-element elementor-element-2897d751 elementor-widget elementor-widget-heading\" data-id=\"2897d751\" data-element_type=\"widget\" data-widget_type=\"heading.default\">\n\t\t\t\t<div class=\"elementor-widget-container\">\n\t\t\t\t\t<p class=\"elementor-heading-title elementor-size-default\">MAVO Management Indonesien<\/p>\t\t\t\t<\/div>\n\t\t\t\t<\/div>\n\t\t\t\t<div class=\"elementor-element elementor-element-4345a994 elementor-widget elementor-widget-text-editor\" data-id=\"4345a994\" data-element_type=\"widget\" data-widget_type=\"text-editor.default\">\n\t\t\t\t<div class=\"elementor-widget-container\">\n\t\t\t\t\t\t\t\t\t<div><span lang=\"EN-US\">Gedung Bursa Efek Indonesia Tower 1 Level 3 Unit 304, SCBD.<\/span><\/div><div>\u00a0<\/div><div><span lang=\"EN-US\">Jalan Jenderal Sudirman kav 52-53 Senayan, Kecamatan Kebayoran Baru, Kota Jakarta Selatan, Daerah Khusus Ibukota Jakarta 12190, Indonesia<\/span><\/div>\t\t\t\t\t\t\t\t<\/div>\n\t\t\t\t<\/div>\n\t\t\t\t<\/div>\n\t\t\t\t<\/div>\n\t\t<div class=\"elementor-element elementor-element-12346dbd e-con-full e-flex elementor-invisible e-con e-child\" data-id=\"12346dbd\" data-element_type=\"container\" data-settings=\"{&quot;background_background&quot;:&quot;classic&quot;,&quot;animation&quot;:&quot;fadeInUp&quot;}\">\n\t\t<div class=\"elementor-element elementor-element-6c724cc6 e-con-full e-flex e-con e-child\" data-id=\"6c724cc6\" data-element_type=\"container\">\n\t\t\t\t<div class=\"elementor-element elementor-element-4364e1b7 elementor-view-stacked elementor-shape-square elementor-widget elementor-widget-icon\" data-id=\"4364e1b7\" data-element_type=\"widget\" data-widget_type=\"icon.default\">\n\t\t\t\t<div class=\"elementor-widget-container\">\n\t\t\t\t\t\t\t<div class=\"elementor-icon-wrapper\">\n\t\t\t<div class=\"elementor-icon\">\n\t\t\t<i aria-hidden=\"true\" class=\"icon icon-envelope2\"><\/i>\t\t\t<\/div>\n\t\t<\/div>\n\t\t\t\t\t\t<\/div>\n\t\t\t\t<\/div>\n\t\t\t\t<div class=\"elementor-element elementor-element-410744a elementor-widget elementor-widget-heading\" data-id=\"410744a\" data-element_type=\"widget\" data-widget_type=\"heading.default\">\n\t\t\t\t<div class=\"elementor-widget-container\">\n\t\t\t\t\t<p class=\"elementor-heading-title elementor-size-default\">E-Mail<\/p>\t\t\t\t<\/div>\n\t\t\t\t<\/div>\n\t\t\t\t<div class=\"elementor-element elementor-element-12c42cb7 elementor-widget elementor-widget-text-editor\" data-id=\"12c42cb7\" data-element_type=\"widget\" data-widget_type=\"text-editor.default\">\n\t\t\t\t<div class=\"elementor-widget-container\">\n\t\t\t\t\t\t\t\t\t<p>F\u00fcr allgemeine Anfragen zu MAVO Management, Karriere oder Programmen:<br \/><a class=\"wixui-rich-text__text\" href=\"mailto:info@mavomanagement.com\" data-auto-recognition=\"true\">info@mavomanagement.com<\/a><\/p>\t\t\t\t\t\t\t\t<\/div>\n\t\t\t\t<\/div>\n\t\t\t\t<div class=\"elementor-element elementor-element-0852b8f elementor-widget elementor-widget-text-editor\" data-id=\"0852b8f\" data-element_type=\"widget\" data-widget_type=\"text-editor.default\">\n\t\t\t\t<div class=\"elementor-widget-container\">\n\t\t\t\t\t\t\t\t\t<p>F\u00fcr Kollaborationen, Investoren oder Einladungen:<br \/><span class=\"wixui-rich-text__text\"><a class=\"wixui-rich-text__text\" href=\"mailto:rosmarsha@mavomanagement.com\" data-auto-recognition=\"true\">rosmarsha@mavomanagement.com<\/a><\/span><\/p>\t\t\t\t\t\t\t\t<\/div>\n\t\t\t\t<\/div>\n\t\t\t\t<\/div>\n\t\t\t\t<\/div>\n\t\t<div class=\"elementor-element elementor-element-25d1b369 e-con-full e-flex elementor-invisible e-con e-child\" data-id=\"25d1b369\" data-element_type=\"container\" data-settings=\"{&quot;background_background&quot;:&quot;classic&quot;,&quot;animation&quot;:&quot;fadeInUp&quot;}\">\n\t\t<div class=\"elementor-element elementor-element-43147047 e-con-full e-flex e-con e-child\" data-id=\"43147047\" data-element_type=\"container\">\n\t\t\t\t<div class=\"elementor-element elementor-element-32f857de elementor-view-stacked elementor-shape-square elementor-widget elementor-widget-icon\" data-id=\"32f857de\" data-element_type=\"widget\" data-widget_type=\"icon.default\">\n\t\t\t\t<div class=\"elementor-widget-container\">\n\t\t\t\t\t\t\t<div class=\"elementor-icon-wrapper\">\n\t\t\t<div class=\"elementor-icon\">\n\t\t\t<i aria-hidden=\"true\" class=\"icon icon-phone-handset\"><\/i>\t\t\t<\/div>\n\t\t<\/div>\n\t\t\t\t\t\t<\/div>\n\t\t\t\t<\/div>\n\t\t\t\t<div class=\"elementor-element elementor-element-4f4f87a0 elementor-widget elementor-widget-heading\" data-id=\"4f4f87a0\" data-element_type=\"widget\" data-widget_type=\"heading.default\">\n\t\t\t\t<div class=\"elementor-widget-container\">\n\t\t\t\t\t<p class=\"elementor-heading-title elementor-size-default\">Whatsapp<\/p>\t\t\t\t<\/div>\n\t\t\t\t<\/div>\n\t\t\t\t<div class=\"elementor-element elementor-element-10172d4c elementor-widget elementor-widget-text-editor\" data-id=\"10172d4c\" data-element_type=\"widget\" data-widget_type=\"text-editor.default\">\n\t\t\t\t<div class=\"elementor-widget-container\">\n\t\t\t\t\t\t\t\t\t<p><a class=\"wixui-rich-text__text\" href=\"https:\/\/wa.me\/message\/DVKV55GTED3IB1\" target=\"_blank\" rel=\"noreferrer noopener\"><span class=\"wixui-rich-text__text\">+6285717906388<\/span><\/a><\/p>\t\t\t\t\t\t\t\t<\/div>\n\t\t\t\t<\/div>\n\t\t\t\t<\/div>\n\t\t\t\t<\/div>\n\t\t\t\t\t<\/div>\n\t\t\t\t<\/div>\n\t\t\t\t<\/div>","protected":false},"excerpt":{"rendered":"<p>Beranda Butuh Bantuan? Kami Siap Membantu Ada pertanyaan atau membutuhkan bantuan? Kami siap membantu Anda. Jangan ragu untuk menghubungi kami melalui formulir kontak atau nomor telepon yang tertera. MAVO Management Indonesia Gedung Bursa Efek Indonesia Tower 1 Level 3 Unit 304, SCBD.\u00a0Jalan Jenderal Sudirman kav 52-53 Senayan, Kecamatan Kebayoran Baru, Kota Jakarta Selatan, Daerah Khusus [&hellip;]<\/p>","protected":false},"author":1,"featured_media":0,"parent":0,"menu_order":0,"comment_status":"closed","ping_status":"closed","template":"elementor_header_footer","meta":{"_acf_changed":false,"footnotes":""},"class_list":["post-44","page","type-page","status-publish","hentry"],"blocksy_meta":[],"acf":[],"_links":{"self":[{"href":"https:\/\/mavomanagement.com\/de\/wp-json\/wp\/v2\/pages\/44","targetHints":{"allow":["GET"]}}],"collection":[{"href":"https:\/\/mavomanagement.com\/de\/wp-json\/wp\/v2\/pages"}],"about":[{"href":"https:\/\/mavomanagement.com\/de\/wp-json\/wp\/v2\/types\/page"}],"author":[{"embeddable":true,"href":"https:\/\/mavomanagement.com\/de\/wp-json\/wp\/v2\/users\/1"}],"replies":[{"embeddable":true,"href":"https:\/\/mavomanagement.com\/de\/wp-json\/wp\/v2\/comments?post=44"}],"version-history":[{"count":82,"href":"https:\/\/mavomanagement.com\/de\/wp-json\/wp\/v2\/pages\/44\/revisions"}],"predecessor-version":[{"id":3019,"href":"https:\/\/mavomanagement.com\/de\/wp-json\/wp\/v2\/pages\/44\/revisions\/3019"}],"wp:attachment":[{"href":"https:\/\/mavomanagement.com\/de\/wp-json\/wp\/v2\/media?parent=44"}],"curies":[{"name":"wp","href":"https:\/\/api.w.org\/{rel}","templated":true}]}}