{"id":1572,"date":"2024-09-27T09:53:33","date_gmt":"2024-09-27T02:53:33","guid":{"rendered":"https:\/\/mavomanagement.com\/?page_id=1572"},"modified":"2024-10-02T08:41:55","modified_gmt":"2024-10-02T01:41:55","slug":"legal","status":"publish","type":"page","link":"https:\/\/mavomanagement.com\/de\/legal\/","title":{"rendered":"Legal"},"content":{"rendered":"<div data-elementor-type=\"wp-page\" data-elementor-id=\"1572\" class=\"elementor elementor-1572\" data-elementor-post-type=\"page\">\n\t\t\t\t<div class=\"elementor-element elementor-element-6d66343 e-flex e-con-boxed e-con e-parent\" data-id=\"6d66343\" data-element_type=\"container\" data-settings=\"{&quot;background_background&quot;:&quot;video&quot;,&quot;background_video_link&quot;:&quot;https:\\\/\\\/www.youtube.com\\\/watch?v=sbA7XaqWYKk&quot;,&quot;background_play_on_mobile&quot;:&quot;yes&quot;}\">\n\t\t\t\t\t<div class=\"e-con-inner\">\n\t\t<div class=\"elementor-background-video-container\">\n\t\t\t\t\t\t\t<div class=\"elementor-background-video-embed\"><\/div>\n\t\t\t\t\t\t<\/div>\t\t\t<\/div>\n\t\t\t\t<\/div>\n\t\t<div class=\"elementor-element elementor-element-d218015 e-flex e-con-boxed e-con e-parent\" data-id=\"d218015\" data-element_type=\"container\">\n\t\t\t\t\t<div class=\"e-con-inner\">\n\t\t<div class=\"elementor-element elementor-element-8a75b33 e-con-full e-flex elementor-invisible e-con e-child\" data-id=\"8a75b33\" data-element_type=\"container\" data-settings=\"{&quot;animation&quot;:&quot;fadeInLeft&quot;}\">\n\t\t\t\t<div class=\"elementor-element elementor-element-64a12fb elementor-widget elementor-widget-text-editor\" data-id=\"64a12fb\" data-element_type=\"widget\" data-widget_type=\"text-editor.default\">\n\t\t\t\t<div class=\"elementor-widget-container\">\n\t\t\t\t\t\t\t\t\t<p><strong><b>Haftungsausschluss<\/b><\/strong><strong><b><br \/><\/b><\/strong>PT MARSHAS VOYAGE MANAGEMENT stellt den Inhalt dieser Internetseite mit gro\u00dfer Sorgfalt zusammen und sorgt daf\u00fcr, dass die Seiten regelm\u00e4\u00dfig aktualisiert werden. Dennoch dient der Inhalt nur allgemeinen unverbindlichen Informationen und kann keine detaillierte individuelle Beratung ersetzen, um potenziellen Kunden bei ihrer Entscheidung zu helfen. PT MARSHAS VOYAGE MANAGEMENT \u00fcbernimmt keine Gew\u00e4hr daf\u00fcr, dass die Informationen auf dieser Seite immer aktuell, genau, vollst\u00e4ndig oder jederzeit st\u00f6rungsfrei zug\u00e4nglich sind.<\/p><p>Wenn wir auf Webseiten Dritter (Links) verweisen, ist PT MARSHAS VOYAGE MANAGEMENT nicht f\u00fcr den Inhalt der verlinkten Seiten verantwortlich. Durch die Aktivierung des Verweises verlassen Sie den Informationsdienst von PT MARSHAS VOYAGE MANAGEMENT. F\u00fcr die Dienstleistungen Dritter k\u00f6nnen daher abweichende Regelungen gelten, insbesondere hinsichtlich des Datenschutzes. PT MARSHAS VOYAGE MANAGEMENT lehnt weiterhin jegliche Haftung f\u00fcr damit verbundene Dienstleistungen ab \u2013 insbesondere f\u00fcr das Herunterladen von Dateien, die von PT MARSHAS VOYAGE MANAGEMENT auf den Webseiten von PT MARSHAS VOYAGE MANAGEMENT bereitgestellt werden. Gleiches gilt f\u00fcr die Pflichtverletzung unserer Affiliate-Vermarkter.<\/p><p><strong><b>Hinweis f\u00fcr die Karriereseite<br \/><\/b><\/strong>Die m\u00e4nnliche Form wird auf der gesamten Karriereseite von Mavo Management verwendet, um die Lesbarkeit der Texte zu erleichtern. Selbstverst\u00e4ndlich stehen alle Programme beiden Geschlechtern offen.<\/p><p><strong><b>Urheberrecht<\/b><\/strong><br \/>Alle auf der Webseite ver\u00f6ffentlichten Texte, Bilder und sonstigen Werke unterliegen dem Urheberrecht von PT MARSHAS VOYAGE MANAGEMENT, S\u00fcd-Jakarta, sofern nicht anders angegeben. Jede Vervielf\u00e4ltigung, Verbreitung, Speicherung, Kommunikation, \u00dcbertragung und Wiedergabe des Inhalts ohne schriftliche Genehmigung von PT MARSHAS VOYAGE MANAGEMENT ist untersagt.<\/p><p><strong><b>Preise<\/b><\/strong><br \/>Die genannten Preise beinhalten Einkommensteuer und Mehrwertsteuer.<\/p><p><strong><b>Social Media Netiquette<\/b><\/strong><br \/>\"Our Future We Make\" wurde f\u00fcr unsere Kunden erstellt und ist an unsere Kunden gerichtet. Daher hei\u00dfen wir Sie auf unseren Social-Media-Seiten herzlich willkommen und freuen uns auf Inspiration und Dialog. Um eine h\u00f6fliche Kommunikation aufrechtzuerhalten, bitten wir Sie h\u00f6flich, die von uns festgelegten Netiquette-Regeln zu beachten.<\/p><p>Erz\u00e4hlen Sie uns Ihre Geschichten und laden Sie Fotos oder Videos hoch. Wir begr\u00fc\u00dfen einen lebhaften Austausch zwischen allen Nutzern, bitten jedoch darum, fair und respektvoll miteinander umzugehen. Daher behalten wir uns das Recht vor, unangemessene, beleidigende oder verletzende Eintr\u00e4ge sowie solche, die den unverantwortlichen Umgang mit MAVO Management-Produkten widerspiegeln oder keinen Bezug zu unserer Webseite haben, zu \u00fcberwachen oder zu l\u00f6schen.<\/p><p>Stellen Sie sicher, dass Sie keine unautorisierten, unangemessenen oder rechtswidrigen Inhalte posten. PT MARSHAS VOYAGE MANAGEMENT ist nicht f\u00fcr von Nutzern eingestellte Inhalte verantwortlich.<\/p><p>Unsere Seiten sind \u00f6ffentlich und f\u00fcr alle Nutzer sichtbar. Bitte geben Sie keine pers\u00f6nlichen Daten wie Telefonnummern, Bankdaten, Kfz-Kennzeichen oder Fahrgestellnummern auf unseren Webseiten an. Wir bem\u00fchen uns, Ihre Privatsph\u00e4re zu sch\u00fctzen; daher behalten wir uns das Recht vor, solche Eintr\u00e4ge zu l\u00f6schen, falls die genannten Daten gefunden werden.<\/p><p><strong><b>Streitbeilegung<\/b><\/strong><strong><b><br \/><\/b><\/strong>PT MARSHAS VOYAGE MANAGEMENT ist nicht verpflichtet und nicht bereit, an alternativen Streitbeilegungsverfahren f\u00fcr Verbraucherstreitigkeiten vor einer Verbraucherschlichtungsstelle teilzunehmen.<\/p>\t\t\t\t\t\t\t\t<\/div>\n\t\t\t\t<\/div>\n\t\t\t\t<\/div>\n\t\t\t\t\t<\/div>\n\t\t\t\t<\/div>\n\t\t\t\t<\/div>","protected":false},"excerpt":{"rendered":"<p>Klausul Pembebasan Tanggung JawabPT MARSHAS VOYAGE MANAGEMENT menyusun konten halaman internet ini dengan sangat cermat dan memastikan bahwa halaman tersebut diperbarui secara berkala. Meskipun demikian, konten ini hanya dimaksudkan sebagai informasi umum yang tidak mengikat dan tidak dapat menggantikan saran individu yang rinci untuk membantu calon klien membuat keputusan. PT MARSHAS VOYAGE MANAGEMENT tidak menjamin [&hellip;]<\/p>","protected":false},"author":1,"featured_media":0,"parent":0,"menu_order":0,"comment_status":"closed","ping_status":"closed","template":"elementor_header_footer","meta":{"_acf_changed":false,"footnotes":""},"class_list":["post-1572","page","type-page","status-publish","hentry"],"blocksy_meta":[],"acf":[],"_links":{"self":[{"href":"https:\/\/mavomanagement.com\/de\/wp-json\/wp\/v2\/pages\/1572","targetHints":{"allow":["GET"]}}],"collection":[{"href":"https:\/\/mavomanagement.com\/de\/wp-json\/wp\/v2\/pages"}],"about":[{"href":"https:\/\/mavomanagement.com\/de\/wp-json\/wp\/v2\/types\/page"}],"author":[{"embeddable":true,"href":"https:\/\/mavomanagement.com\/de\/wp-json\/wp\/v2\/users\/1"}],"replies":[{"embeddable":true,"href":"https:\/\/mavomanagement.com\/de\/wp-json\/wp\/v2\/comments?post=1572"}],"version-history":[{"count":9,"href":"https:\/\/mavomanagement.com\/de\/wp-json\/wp\/v2\/pages\/1572\/revisions"}],"predecessor-version":[{"id":1706,"href":"https:\/\/mavomanagement.com\/de\/wp-json\/wp\/v2\/pages\/1572\/revisions\/1706"}],"wp:attachment":[{"href":"https:\/\/mavomanagement.com\/de\/wp-json\/wp\/v2\/media?parent=1572"}],"curies":[{"name":"wp","href":"https:\/\/api.w.org\/{rel}","templated":true}]}}